{"id":7144,"date":"2025-05-06T00:10:21","date_gmt":"2025-05-06T00:10:21","guid":{"rendered":"https:\/\/mundotarot.cl\/wordpress\/?post_type=product&#038;p=7144"},"modified":"2025-08-20T21:19:23","modified_gmt":"2025-08-20T21:19:23","slug":"philatelique-6-x-11-cm-ano-1990","status":"publish","type":"product","link":"https:\/\/mundotarot.cl\/wordpress\/producto\/philatelique-6-x-11-cm-ano-1990\/","title":{"rendered":"Philatelique  6 x 11 cm (a\u00f1o 1990)"},"content":{"rendered":"<div class=\"pbs-main-wrapper\"><\/div>","protected":false},"excerpt":{"rendered":"<p>Esta es una curiosa baraja dise\u00f1ada para el Tarot. Las cartas de los arcanos mayores tienen sellos franceses, mientras que las de los arcanos menores son muy similares. El Tarot presenta los sellos de importantes obras de arte, lugares y monumentos hist\u00f3ricos. 78 cartas, tama\u00f1o 6 x 11 cm. Instrucciones en franc\u00e9s. Producto ya descontinuado. Editado en Francia por Grimaud.<br \/>\nPara coleccionistas<\/p>\n","protected":false},"featured_media":7145,"comment_status":"open","ping_status":"closed","template":"","meta":[],"_links":{"self":[{"href":"https:\/\/mundotarot.cl\/wordpress\/wp-json\/wp\/v2\/product\/7144"}],"collection":[{"href":"https:\/\/mundotarot.cl\/wordpress\/wp-json\/wp\/v2\/product"}],"about":[{"href":"https:\/\/mundotarot.cl\/wordpress\/wp-json\/wp\/v2\/types\/product"}],"replies":[{"embeddable":true,"href":"https:\/\/mundotarot.cl\/wordpress\/wp-json\/wp\/v2\/comments?post=7144"}],"wp:featuredmedia":[{"embeddable":true,"href":"https:\/\/mundotarot.cl\/wordpress\/wp-json\/wp\/v2\/media\/7145"}],"wp:attachment":[{"href":"https:\/\/mundotarot.cl\/wordpress\/wp-json\/wp\/v2\/media?parent=7144"}],"curies":[{"name":"wp","href":"https:\/\/api.w.org\/{rel}","templated":true}]}}