{"id":7130,"date":"2025-05-04T22:16:44","date_gmt":"2025-05-04T22:16:44","guid":{"rendered":"https:\/\/mundotarot.cl\/wordpress\/?post_type=product&#038;p=7130"},"modified":"2025-08-20T21:24:08","modified_gmt":"2025-08-20T21:24:08","slug":"epoque-napoleon-iii-6-x-11-cm-ano-1987","status":"publish","type":"product","link":"https:\/\/mundotarot.cl\/wordpress\/producto\/epoque-napoleon-iii-6-x-11-cm-ano-1987\/","title":{"rendered":"Epoque Napoleon III  6 x 11 cm  (a\u00f1o 1987)"},"content":{"rendered":"<div class=\"pbs-main-wrapper\"><\/div>","protected":false},"excerpt":{"rendered":"<p>Curiosa baraja de tarot im\u00e1genes de la corte que capturan el sabor de los trajes y escenarios de la \u00e9poca de Napole\u00f3n III.Producto descontinuado, editado en Francia por Grimaud.<br \/>\n78 cartas tama\u00f1o 6 x 11 cm. Incluye instructivo.<\/p>\n","protected":false},"featured_media":7131,"comment_status":"open","ping_status":"closed","template":"","meta":[],"_links":{"self":[{"href":"https:\/\/mundotarot.cl\/wordpress\/wp-json\/wp\/v2\/product\/7130"}],"collection":[{"href":"https:\/\/mundotarot.cl\/wordpress\/wp-json\/wp\/v2\/product"}],"about":[{"href":"https:\/\/mundotarot.cl\/wordpress\/wp-json\/wp\/v2\/types\/product"}],"replies":[{"embeddable":true,"href":"https:\/\/mundotarot.cl\/wordpress\/wp-json\/wp\/v2\/comments?post=7130"}],"wp:featuredmedia":[{"embeddable":true,"href":"https:\/\/mundotarot.cl\/wordpress\/wp-json\/wp\/v2\/media\/7131"}],"wp:attachment":[{"href":"https:\/\/mundotarot.cl\/wordpress\/wp-json\/wp\/v2\/media?parent=7130"}],"curies":[{"name":"wp","href":"https:\/\/api.w.org\/{rel}","templated":true}]}}