{"id":7121,"date":"2025-05-04T01:45:26","date_gmt":"2025-05-04T01:45:26","guid":{"rendered":"https:\/\/mundotarot.cl\/wordpress\/?post_type=product&#038;p=7121"},"modified":"2025-05-04T01:45:27","modified_gmt":"2025-05-04T01:45:27","slug":"oraculo-palmistry-66-x-125-ano-1969","status":"publish","type":"product","link":"https:\/\/mundotarot.cl\/wordpress\/producto\/oraculo-palmistry-66-x-125-ano-1969\/","title":{"rendered":"Oraculo Palmistry 6,6 x 12,5 (a\u00f1o 1969)"},"content":{"rendered":"<div class=\"pbs-main-wrapper\"><\/div>","protected":false},"excerpt":{"rendered":"<p>Esta es una baraja vintage de cartas de quiromancia y adivinaci\u00f3n que fue desarrollada en el siglo XIX por Adele Moreau, disc\u00edpula de la famosa clarividente Mademoiselle Lenormand.<br \/>\nLas cartas esot\u00e9ricas de lectura de la palma incluyen 56 cartas impresas con ilustraciones cl\u00e1sicas de l\u00edneas y s\u00edmbolos de la palma. Est\u00e1n numeradas e incluyen observaciones adivinatorias impresas en franc\u00e9s e ingl\u00e9s.<br \/>\n56 cartas con t\u00edtulos en franc\u00e9s e ingl\u00e9s. Editado por Grimaud (Francia) Incluye folleto de instrucciones.<\/p>\n","protected":false},"featured_media":7122,"comment_status":"open","ping_status":"closed","template":"","meta":[],"_links":{"self":[{"href":"https:\/\/mundotarot.cl\/wordpress\/wp-json\/wp\/v2\/product\/7121"}],"collection":[{"href":"https:\/\/mundotarot.cl\/wordpress\/wp-json\/wp\/v2\/product"}],"about":[{"href":"https:\/\/mundotarot.cl\/wordpress\/wp-json\/wp\/v2\/types\/product"}],"replies":[{"embeddable":true,"href":"https:\/\/mundotarot.cl\/wordpress\/wp-json\/wp\/v2\/comments?post=7121"}],"wp:featuredmedia":[{"embeddable":true,"href":"https:\/\/mundotarot.cl\/wordpress\/wp-json\/wp\/v2\/media\/7122"}],"wp:attachment":[{"href":"https:\/\/mundotarot.cl\/wordpress\/wp-json\/wp\/v2\/media?parent=7121"}],"curies":[{"name":"wp","href":"https:\/\/api.w.org\/{rel}","templated":true}]}}