{"id":7117,"date":"2025-05-04T01:26:24","date_gmt":"2025-05-04T01:26:24","guid":{"rendered":"https:\/\/mundotarot.cl\/wordpress\/?post_type=product&#038;p=7117"},"modified":"2025-08-20T21:27:09","modified_gmt":"2025-08-20T21:27:09","slug":"ravenswood-eastern-7-x-9-cm-ano-1981","status":"publish","type":"product","link":"https:\/\/mundotarot.cl\/wordpress\/producto\/ravenswood-eastern-7-x-9-cm-ano-1981\/","title":{"rendered":"Ravenswood Eastern 7 x 9 cm (a\u00f1o 1981)"},"content":{"rendered":"<div class=\"pbs-main-wrapper\"><\/div>","protected":false},"excerpt":{"rendered":"<p>Los colores de las cartas son sencillos, con dibujos de l\u00edneas negras sobre blanco liso, pero la tem\u00e1tica es ex\u00f3tica y combina s\u00edmbolos del tarot con arte de Oriente Medio.<br \/>\nDise\u00f1o de Dirk Dykstra y Stuart R. Kaplan, 1981. Primera edici\u00f3n. Fabricada en Suiza por AGMuller. <\/p>\n","protected":false},"featured_media":7119,"comment_status":"open","ping_status":"closed","template":"","meta":[],"_links":{"self":[{"href":"https:\/\/mundotarot.cl\/wordpress\/wp-json\/wp\/v2\/product\/7117"}],"collection":[{"href":"https:\/\/mundotarot.cl\/wordpress\/wp-json\/wp\/v2\/product"}],"about":[{"href":"https:\/\/mundotarot.cl\/wordpress\/wp-json\/wp\/v2\/types\/product"}],"replies":[{"embeddable":true,"href":"https:\/\/mundotarot.cl\/wordpress\/wp-json\/wp\/v2\/comments?post=7117"}],"wp:featuredmedia":[{"embeddable":true,"href":"https:\/\/mundotarot.cl\/wordpress\/wp-json\/wp\/v2\/media\/7119"}],"wp:attachment":[{"href":"https:\/\/mundotarot.cl\/wordpress\/wp-json\/wp\/v2\/media?parent=7117"}],"curies":[{"name":"wp","href":"https:\/\/api.w.org\/{rel}","templated":true}]}}