{"id":7114,"date":"2025-05-04T22:41:47","date_gmt":"2025-05-04T22:41:47","guid":{"rendered":"https:\/\/mundotarot.cl\/wordpress\/?post_type=product&#038;p=7114"},"modified":"2025-08-20T21:23:01","modified_gmt":"2025-08-20T21:23:01","slug":"trance-75-x-125-cm-ano-1999","status":"publish","type":"product","link":"https:\/\/mundotarot.cl\/wordpress\/producto\/trance-75-x-125-cm-ano-1999\/","title":{"rendered":"Trance 7,5 x 12,5 cm (a\u00f1o 1999)"},"content":{"rendered":"<div class=\"pbs-main-wrapper\"><\/div>","protected":false},"excerpt":{"rendered":"<p>Creaci\u00f3n de la artista Eva Maria Nitsche quien se\u00f1ala que las im\u00e1genes fueron creadas en un estado alterado de conciencia para conseguir una conexi\u00f3n arquet\u00edpica del esp\u00edritu. Producto descontinuado por la editorial impreso en Belgica. Incluye instructivo<\/p>\n","protected":false},"featured_media":7115,"comment_status":"open","ping_status":"closed","template":"","meta":[],"_links":{"self":[{"href":"https:\/\/mundotarot.cl\/wordpress\/wp-json\/wp\/v2\/product\/7114"}],"collection":[{"href":"https:\/\/mundotarot.cl\/wordpress\/wp-json\/wp\/v2\/product"}],"about":[{"href":"https:\/\/mundotarot.cl\/wordpress\/wp-json\/wp\/v2\/types\/product"}],"replies":[{"embeddable":true,"href":"https:\/\/mundotarot.cl\/wordpress\/wp-json\/wp\/v2\/comments?post=7114"}],"wp:featuredmedia":[{"embeddable":true,"href":"https:\/\/mundotarot.cl\/wordpress\/wp-json\/wp\/v2\/media\/7115"}],"wp:attachment":[{"href":"https:\/\/mundotarot.cl\/wordpress\/wp-json\/wp\/v2\/media?parent=7114"}],"curies":[{"name":"wp","href":"https:\/\/api.w.org\/{rel}","templated":true}]}}