{"id":303,"date":"2017-03-02T19:43:02","date_gmt":"2017-03-02T19:43:02","guid":{"rendered":"http:\/\/mundotarot.cl\/wordpress\/?page_id=303"},"modified":"2020-12-23T20:38:20","modified_gmt":"2020-12-23T20:38:20","slug":"conlibro","status":"publish","type":"page","link":"https:\/\/mundotarot.cl\/wordpress\/conlibro\/","title":{"rendered":"Cartas tarot con libro"},"content":{"rendered":"<div class=\"pbs-main-wrapper\">[vc_row type=&#8221;full_width_background&#8221; full_screen_row_position=&#8221;middle&#8221; column_margin=&#8221;default&#8221; column_direction=&#8221;default&#8221; column_direction_tablet=&#8221;default&#8221; column_direction_phone=&#8221;default&#8221; bg_color=&#8221;#000000&#8243; scene_position=&#8221;center&#8221; text_color=&#8221;dark&#8221; text_align=&#8221;left&#8221; row_border_radius=&#8221;none&#8221; row_border_radius_applies=&#8221;bg&#8221; overlay_strength=&#8221;0.3&#8243; gradient_direction=&#8221;left_to_right&#8221; shape_divider_position=&#8221;bottom&#8221; bg_image_animation=&#8221;none&#8221; shape_type=&#8221;&#8221;][vc_column column_padding=&#8221;padding-2-percent&#8221; column_padding_tablet=&#8221;inherit&#8221; column_padding_phone=&#8221;inherit&#8221; column_padding_position=&#8221;all&#8221; centered_text=&#8221;true&#8221; background_color_opacity=&#8221;1&#8243; background_hover_color_opacity=&#8221;1&#8243; column_shadow=&#8221;none&#8221; column_border_radius=&#8221;none&#8221; column_link_target=&#8221;_self&#8221; gradient_direction=&#8221;left_to_right&#8221; overlay_strength=&#8221;0.3&#8243; width=&#8221;1\/1&#8243; tablet_width_inherit=&#8221;default&#8221; tablet_text_alignment=&#8221;default&#8221; phone_text_alignment=&#8221;default&#8221; column_border_width=&#8221;none&#8221; column_border_style=&#8221;solid&#8221; bg_image_animation=&#8221;none&#8221;][vc_column_text]\n<h2><span style=\"color: #ffff00;\">Cartas tarot con libro<\/span><\/h2>\n[\/vc_column_text][\/vc_column][\/vc_row][vc_row type=&#8221;full_width_background&#8221; full_screen_row_position=&#8221;middle&#8221; column_margin=&#8221;default&#8221; column_direction=&#8221;default&#8221; column_direction_tablet=&#8221;default&#8221; column_direction_phone=&#8221;default&#8221; bg_image=&#8221;6622&#8243; bg_position=&#8221;left top&#8221; bg_repeat=&#8221;no-repeat&#8221; scene_position=&#8221;center&#8221; text_color=&#8221;dark&#8221; text_align=&#8221;left&#8221; row_border_radius=&#8221;none&#8221; row_border_radius_applies=&#8221;bg&#8221; overlay_strength=&#8221;0.3&#8243; gradient_direction=&#8221;left_to_right&#8221; shape_divider_position=&#8221;bottom&#8221; bg_image_animation=&#8221;none&#8221; shape_type=&#8221;&#8221;][vc_column column_padding=&#8221;padding-3-percent&#8221; column_padding_tablet=&#8221;inherit&#8221; column_padding_phone=&#8221;inherit&#8221; column_padding_position=&#8221;all&#8221; background_color_opacity=&#8221;1&#8243; background_hover_color_opacity=&#8221;1&#8243; column_shadow=&#8221;none&#8221; column_border_radius=&#8221;none&#8221; column_link_target=&#8221;_self&#8221; gradient_direction=&#8221;left_to_right&#8221; overlay_strength=&#8221;0.3&#8243; width=&#8221;1\/1&#8243; tablet_width_inherit=&#8221;default&#8221; tablet_text_alignment=&#8221;default&#8221; phone_text_alignment=&#8221;default&#8221; column_border_width=&#8221;none&#8221; column_border_style=&#8221;solid&#8221; bg_image_animation=&#8221;none&#8221;]<div class=\"woocommerce columns-5 \">\r\n  <ul class=\"products columns-5\" data-n-desktop-columns=\"default\" data-n-desktop-small-columns=\"default\" data-n-tablet-columns=\"default\" data-n-phone-columns=\"default\" data-product-style=\"classic\">\r\n\r\n\r\n\r\n\t<li class=\"classic product type-product post-6255 status-publish first outofstock product_cat-tarot-con-libro has-post-thumbnail shipping-taxable purchasable product-type-simple\" >\r\n\r\n\r\n\t\r\n\r\n\t\t\t\t\r\n\t   <div class=\"product-wrap\">\r\n\r\n\t\t\t<a href=\"https:\/\/mundotarot.cl\/wordpress\/producto\/thoth-a-crowley\/\">\t\r\n\t\t\t\t\t\t\t<img width=\"300\" height=\"300\" src=\"https:\/\/mundotarot.cl\/wordpress\/wp-content\/uploads\/2020\/12\/Thoth-\u2013-A.-Crowley-300x300.jpg\" class=\"attachment-woocommerce_thumbnail size-woocommerce_thumbnail\" alt=\"\" loading=\"lazy\" srcset=\"https:\/\/mundotarot.cl\/wordpress\/wp-content\/uploads\/2020\/12\/Thoth-\u2013-A.-Crowley-300x300.jpg 300w, https:\/\/mundotarot.cl\/wordpress\/wp-content\/uploads\/2020\/12\/Thoth-\u2013-A.-Crowley-150x150.jpg 150w, https:\/\/mundotarot.cl\/wordpress\/wp-content\/uploads\/2020\/12\/Thoth-\u2013-A.-Crowley-100x100.jpg 100w, https:\/\/mundotarot.cl\/wordpress\/wp-content\/uploads\/2020\/12\/Thoth-\u2013-A.-Crowley-140x140.jpg 140w, https:\/\/mundotarot.cl\/wordpress\/wp-content\/uploads\/2020\/12\/Thoth-\u2013-A.-Crowley-350x350.jpg 350w\" sizes=\"(max-width: 300px) 100vw, 300px\" \/>\t\t\t <\/a>\r\n\t\t\t<div class=\"product-add-to-cart\" data-nectar-quickview=\"false\"><a href=\"https:\/\/mundotarot.cl\/wordpress\/producto\/thoth-a-crowley\/\" data-quantity=\"1\" class=\"button product_type_simple\" data-product_id=\"6255\" data-product_sku=\"\" aria-label=\"Lee m\u00e1s sobre &ldquo;Crowley ( Libro de Thot ) + libro gu\u00eda&rdquo;\" rel=\"nofollow\">Agregar al carro<\/a><\/div>\t\t   <\/div>\r\n\t\t\t\t\r\n\t  \r\n\r\n\t\t\r\n\t\r\n\r\n\t\r\n<\/li>\r\n\t<li class=\"classic product type-product post-6265 status-publish instock product_cat-tarot-con-libro has-post-thumbnail shipping-taxable purchasable product-type-simple\" >\r\n\r\n\r\n\t\r\n\r\n\t\t\t\t\r\n\t   <div class=\"product-wrap\">\r\n\r\n\t\t\t<a href=\"https:\/\/mundotarot.cl\/wordpress\/producto\/marsella-superfacil-22-arcanos\/\">\t\r\n\t\t\t\t\t\t\t<img width=\"300\" height=\"300\" src=\"https:\/\/mundotarot.cl\/wordpress\/wp-content\/uploads\/2020\/12\/Agregar-Marsella-Superf\u00e1cil-22-arcanos-300x300.jpg\" class=\"attachment-woocommerce_thumbnail size-woocommerce_thumbnail\" alt=\"\" loading=\"lazy\" srcset=\"https:\/\/mundotarot.cl\/wordpress\/wp-content\/uploads\/2020\/12\/Agregar-Marsella-Superf\u00e1cil-22-arcanos-300x300.jpg 300w, https:\/\/mundotarot.cl\/wordpress\/wp-content\/uploads\/2020\/12\/Agregar-Marsella-Superf\u00e1cil-22-arcanos-150x150.jpg 150w, https:\/\/mundotarot.cl\/wordpress\/wp-content\/uploads\/2020\/12\/Agregar-Marsella-Superf\u00e1cil-22-arcanos-100x100.jpg 100w, https:\/\/mundotarot.cl\/wordpress\/wp-content\/uploads\/2020\/12\/Agregar-Marsella-Superf\u00e1cil-22-arcanos-140x140.jpg 140w, https:\/\/mundotarot.cl\/wordpress\/wp-content\/uploads\/2020\/12\/Agregar-Marsella-Superf\u00e1cil-22-arcanos-350x350.jpg 350w\" sizes=\"(max-width: 300px) 100vw, 300px\" \/>\t\t\t <\/a>\r\n\t\t\t<div class=\"product-add-to-cart\" data-nectar-quickview=\"false\"><a href=\"?add-to-cart=6265\" data-quantity=\"1\" class=\"button product_type_simple add_to_cart_button ajax_add_to_cart\" data-product_id=\"6265\" data-product_sku=\"\" aria-label=\"A\u00f1ade &ldquo;Marsella Superf\u00e1cil ( 22 arcanos mayores)&rdquo; a tu carrito\" rel=\"nofollow\">Agregar al carro<\/a><\/div>\t\t   <\/div>\r\n\t\t\t\t\r\n\t  \r\n\r\n\t\t\r\n\t\r\n\r\n\t\r\n<\/li>\r\n\t<li class=\"classic product type-product post-6261 status-publish instock product_cat-tarot-con-libro has-post-thumbnail shipping-taxable purchasable product-type-simple\" >\r\n\r\n\r\n\t\r\n\r\n\t\t\t\t\r\n\t   <div class=\"product-wrap\">\r\n\r\n\t\t\t<a href=\"https:\/\/mundotarot.cl\/wordpress\/producto\/rider-waite\/\">\t\r\n\t\t\t\t\t\t\t<img width=\"300\" height=\"300\" src=\"https:\/\/mundotarot.cl\/wordpress\/wp-content\/uploads\/2020\/12\/Rider-Waite-300x300.jpg\" class=\"attachment-woocommerce_thumbnail size-woocommerce_thumbnail\" alt=\"\" loading=\"lazy\" srcset=\"https:\/\/mundotarot.cl\/wordpress\/wp-content\/uploads\/2020\/12\/Rider-Waite-300x300.jpg 300w, https:\/\/mundotarot.cl\/wordpress\/wp-content\/uploads\/2020\/12\/Rider-Waite-150x150.jpg 150w, https:\/\/mundotarot.cl\/wordpress\/wp-content\/uploads\/2020\/12\/Rider-Waite-100x100.jpg 100w, https:\/\/mundotarot.cl\/wordpress\/wp-content\/uploads\/2020\/12\/Rider-Waite-140x140.jpg 140w, https:\/\/mundotarot.cl\/wordpress\/wp-content\/uploads\/2020\/12\/Rider-Waite-350x350.jpg 350w\" sizes=\"(max-width: 300px) 100vw, 300px\" \/>\t\t\t <\/a>\r\n\t\t\t<div class=\"product-add-to-cart\" data-nectar-quickview=\"false\"><a href=\"?add-to-cart=6261\" data-quantity=\"1\" class=\"button product_type_simple add_to_cart_button ajax_add_to_cart\" data-product_id=\"6261\" data-product_sku=\"\" aria-label=\"A\u00f1ade &ldquo;Rider Waite + libro gu\u00eda&rdquo; a tu carrito\" rel=\"nofollow\">Agregar al carro<\/a><\/div>\t\t   <\/div>\r\n\t\t\t\t\r\n\t  \r\n\r\n\t\t\r\n\t\r\n\r\n\t\r\n<\/li>\r\n\t<li class=\"classic product type-product post-6257 status-publish instock product_cat-tarot-con-libro has-post-thumbnail shipping-taxable purchasable product-type-simple\" >\r\n\r\n\r\n\t\r\n\r\n\t\t\t\t\r\n\t   <div class=\"product-wrap\">\r\n\r\n\t\t\t<a href=\"https:\/\/mundotarot.cl\/wordpress\/producto\/rider-waite-xl-10-x-17-cm\/\">\t\r\n\t\t\t\t\t\t\t<img width=\"300\" height=\"300\" src=\"https:\/\/mundotarot.cl\/wordpress\/wp-content\/uploads\/2020\/12\/Rider-Waite-XL-10-x-17-cm-300x300.jpg\" class=\"attachment-woocommerce_thumbnail size-woocommerce_thumbnail\" alt=\"\" loading=\"lazy\" srcset=\"https:\/\/mundotarot.cl\/wordpress\/wp-content\/uploads\/2020\/12\/Rider-Waite-XL-10-x-17-cm-300x300.jpg 300w, https:\/\/mundotarot.cl\/wordpress\/wp-content\/uploads\/2020\/12\/Rider-Waite-XL-10-x-17-cm-150x150.jpg 150w, https:\/\/mundotarot.cl\/wordpress\/wp-content\/uploads\/2020\/12\/Rider-Waite-XL-10-x-17-cm-100x100.jpg 100w, https:\/\/mundotarot.cl\/wordpress\/wp-content\/uploads\/2020\/12\/Rider-Waite-XL-10-x-17-cm-140x140.jpg 140w, https:\/\/mundotarot.cl\/wordpress\/wp-content\/uploads\/2020\/12\/Rider-Waite-XL-10-x-17-cm-350x350.jpg 350w\" sizes=\"(max-width: 300px) 100vw, 300px\" \/>\t\t\t <\/a>\r\n\t\t\t<div class=\"product-add-to-cart\" data-nectar-quickview=\"false\"><a href=\"?add-to-cart=6257\" data-quantity=\"1\" class=\"button product_type_simple add_to_cart_button ajax_add_to_cart\" data-product_id=\"6257\" data-product_sku=\"\" aria-label=\"A\u00f1ade &ldquo;Rider Waite Premium (cartas grandes 10 x 17 cm)&rdquo; a tu carrito\" rel=\"nofollow\">Agregar al carro<\/a><\/div>\t\t   <\/div>\r\n\t\t\t\t\r\n\t  \r\n\r\n\t\t\r\n\t\r\n\r\n\t\r\n<\/li>\r\n\t<li class=\"classic product type-product post-6838 status-publish last outofstock product_cat-tarot-con-libro has-post-thumbnail shipping-taxable purchasable product-type-simple\" >\r\n\r\n\r\n\t\r\n\r\n\t\t\t\t\r\n\t   <div class=\"product-wrap\">\r\n\r\n\t\t\t<a href=\"https:\/\/mundotarot.cl\/wordpress\/producto\/tarot-a-e-waite-rider-con-libro\/\">\t\r\n\t\t\t\t\t\t\t<img width=\"300\" height=\"300\" src=\"https:\/\/mundotarot.cl\/wordpress\/wp-content\/uploads\/2020\/12\/ae-tarot-300x300.jpg\" class=\"attachment-woocommerce_thumbnail size-woocommerce_thumbnail\" alt=\"\" loading=\"lazy\" srcset=\"https:\/\/mundotarot.cl\/wordpress\/wp-content\/uploads\/2020\/12\/ae-tarot-300x300.jpg 300w, https:\/\/mundotarot.cl\/wordpress\/wp-content\/uploads\/2020\/12\/ae-tarot-150x150.jpg 150w, https:\/\/mundotarot.cl\/wordpress\/wp-content\/uploads\/2020\/12\/ae-tarot-100x100.jpg 100w, https:\/\/mundotarot.cl\/wordpress\/wp-content\/uploads\/2020\/12\/ae-tarot-140x140.jpg 140w, https:\/\/mundotarot.cl\/wordpress\/wp-content\/uploads\/2020\/12\/ae-tarot-350x350.jpg 350w\" sizes=\"(max-width: 300px) 100vw, 300px\" \/>\t\t\t <\/a>\r\n\t\t\t<div class=\"product-add-to-cart\" data-nectar-quickview=\"false\"><a href=\"https:\/\/mundotarot.cl\/wordpress\/producto\/tarot-a-e-waite-rider-con-libro\/\" data-quantity=\"1\" class=\"button product_type_simple\" data-product_id=\"6838\" data-product_sku=\"\" aria-label=\"Lee m\u00e1s sobre &ldquo;tarot A.E. Waite ( Rider ) + libro gu\u00eda&rdquo;\" rel=\"nofollow\">Agregar al carro<\/a><\/div>\t\t   <\/div>\r\n\t\t\t\t\r\n\t  \r\n\r\n\t\t\r\n\t\r\n\r\n\t\r\n<\/li>\r\n\t<li class=\"classic product type-product post-6771 status-publish first outofstock product_cat-tarot-con-libro has-post-thumbnail shipping-taxable purchasable product-type-simple\" >\r\n\r\n\r\n\t\r\n\r\n\t\t\t\t\r\n\t   <div class=\"product-wrap\">\r\n\r\n\t\t\t<a href=\"https:\/\/mundotarot.cl\/wordpress\/producto\/tarot-mitico-sharman-greene-en-ingles\/\">\t\r\n\t\t\t\t\t\t\t<img width=\"300\" height=\"300\" src=\"https:\/\/mundotarot.cl\/wordpress\/wp-content\/uploads\/2021\/04\/tarot-Mythic-box-300x300.jpg\" class=\"attachment-woocommerce_thumbnail size-woocommerce_thumbnail\" alt=\"\" loading=\"lazy\" srcset=\"https:\/\/mundotarot.cl\/wordpress\/wp-content\/uploads\/2021\/04\/tarot-Mythic-box-300x300.jpg 300w, https:\/\/mundotarot.cl\/wordpress\/wp-content\/uploads\/2021\/04\/tarot-Mythic-box-150x150.jpg 150w, https:\/\/mundotarot.cl\/wordpress\/wp-content\/uploads\/2021\/04\/tarot-Mythic-box-100x100.jpg 100w, https:\/\/mundotarot.cl\/wordpress\/wp-content\/uploads\/2021\/04\/tarot-Mythic-box-140x140.jpg 140w, https:\/\/mundotarot.cl\/wordpress\/wp-content\/uploads\/2021\/04\/tarot-Mythic-box-500x500.jpg 500w, https:\/\/mundotarot.cl\/wordpress\/wp-content\/uploads\/2021\/04\/tarot-Mythic-box-350x350.jpg 350w\" sizes=\"(max-width: 300px) 100vw, 300px\" \/>\t\t\t <\/a>\r\n\t\t\t<div class=\"product-add-to-cart\" data-nectar-quickview=\"false\"><a href=\"https:\/\/mundotarot.cl\/wordpress\/producto\/tarot-mitico-sharman-greene-en-ingles\/\" data-quantity=\"1\" class=\"button product_type_simple\" data-product_id=\"6771\" data-product_sku=\"\" aria-label=\"Lee m\u00e1s sobre &ldquo;tarot M\u00edtico + libro gu\u00eda  (versi\u00f3n en ingl\u00e9s)&rdquo;\" rel=\"nofollow\">Agregar al carro<\/a><\/div>\t\t   <\/div>\r\n\t\t\t\t\r\n\t  \r\n\r\n\t\t\r\n\t\r\n\r\n\t\r\n<\/li>\r\n\t<li class=\"classic product type-product post-7031 status-publish instock product_cat-tarot-con-libro has-post-thumbnail shipping-taxable purchasable product-type-simple\" >\r\n\r\n\r\n\t\r\n\r\n\t\t\t\t\r\n\t   <div class=\"product-wrap\">\r\n\r\n\t\t\t<a href=\"https:\/\/mundotarot.cl\/wordpress\/producto\/tarot-mitico-libro-guia-espanol\/\">\t\r\n\t\t\t\t\t\t\t<img width=\"300\" height=\"300\" src=\"https:\/\/mundotarot.cl\/wordpress\/wp-content\/uploads\/2023\/04\/tarot-Mitico-edaf-300x300.jpg\" class=\"attachment-woocommerce_thumbnail size-woocommerce_thumbnail\" alt=\"\" loading=\"lazy\" srcset=\"https:\/\/mundotarot.cl\/wordpress\/wp-content\/uploads\/2023\/04\/tarot-Mitico-edaf-300x300.jpg 300w, https:\/\/mundotarot.cl\/wordpress\/wp-content\/uploads\/2023\/04\/tarot-Mitico-edaf-150x150.jpg 150w, https:\/\/mundotarot.cl\/wordpress\/wp-content\/uploads\/2023\/04\/tarot-Mitico-edaf-100x100.jpg 100w, https:\/\/mundotarot.cl\/wordpress\/wp-content\/uploads\/2023\/04\/tarot-Mitico-edaf-140x140.jpg 140w, https:\/\/mundotarot.cl\/wordpress\/wp-content\/uploads\/2023\/04\/tarot-Mitico-edaf-500x500.jpg 500w, https:\/\/mundotarot.cl\/wordpress\/wp-content\/uploads\/2023\/04\/tarot-Mitico-edaf-350x350.jpg 350w, https:\/\/mundotarot.cl\/wordpress\/wp-content\/uploads\/2023\/04\/tarot-Mitico-edaf-1000x1000.jpg 1000w, https:\/\/mundotarot.cl\/wordpress\/wp-content\/uploads\/2023\/04\/tarot-Mitico-edaf-800x800.jpg 800w\" sizes=\"(max-width: 300px) 100vw, 300px\" \/>\t\t\t <\/a>\r\n\t\t\t<div class=\"product-add-to-cart\" data-nectar-quickview=\"false\"><a href=\"?add-to-cart=7031\" data-quantity=\"1\" class=\"button product_type_simple add_to_cart_button ajax_add_to_cart\" data-product_id=\"7031\" data-product_sku=\"\" aria-label=\"A\u00f1ade &ldquo;tarot M\u00edtico + libro gu\u00eda (en espa\u00f1ol)&rdquo; a tu carrito\" rel=\"nofollow\">Agregar al carro<\/a><\/div>\t\t   <\/div>\r\n\t\t\t\t\r\n\t  \r\n\r\n\t\t\r\n\t\r\n\r\n\t\r\n<\/li>\r\n\t<li class=\"classic product type-product post-6259 status-publish instock product_cat-tarot-con-libro has-post-thumbnail shipping-taxable purchasable product-type-simple\" >\r\n\r\n\r\n\t\r\n\r\n\t\t\t\t\r\n\t   <div class=\"product-wrap\">\r\n\r\n\t\t\t<a href=\"https:\/\/mundotarot.cl\/wordpress\/producto\/osho-zen\/\">\t\r\n\t\t\t\t\t\t\t<img width=\"300\" height=\"300\" src=\"https:\/\/mundotarot.cl\/wordpress\/wp-content\/uploads\/2020\/12\/Osho-Zen-300x300.jpg\" class=\"attachment-woocommerce_thumbnail size-woocommerce_thumbnail\" alt=\"\" loading=\"lazy\" srcset=\"https:\/\/mundotarot.cl\/wordpress\/wp-content\/uploads\/2020\/12\/Osho-Zen-300x300.jpg 300w, https:\/\/mundotarot.cl\/wordpress\/wp-content\/uploads\/2020\/12\/Osho-Zen-150x150.jpg 150w, https:\/\/mundotarot.cl\/wordpress\/wp-content\/uploads\/2020\/12\/Osho-Zen-100x100.jpg 100w, https:\/\/mundotarot.cl\/wordpress\/wp-content\/uploads\/2020\/12\/Osho-Zen-140x140.jpg 140w, https:\/\/mundotarot.cl\/wordpress\/wp-content\/uploads\/2020\/12\/Osho-Zen-350x350.jpg 350w\" sizes=\"(max-width: 300px) 100vw, 300px\" \/>\t\t\t <\/a>\r\n\t\t\t<div class=\"product-add-to-cart\" data-nectar-quickview=\"false\"><a href=\"?add-to-cart=6259\" data-quantity=\"1\" class=\"button product_type_simple add_to_cart_button ajax_add_to_cart\" data-product_id=\"6259\" data-product_sku=\"\" aria-label=\"A\u00f1ade &ldquo;tarot Osho Zen + libro gu\u00eda&rdquo; a tu carrito\" rel=\"nofollow\">Agregar al carro<\/a><\/div>\t\t   <\/div>\r\n\t\t\t\t\r\n\t  \r\n\r\n\t\t\r\n\t\r\n\r\n\t\r\n<\/li>\r\n\t<li class=\"classic product type-product post-7102 status-publish instock product_cat-tarot-con-libro has-post-thumbnail shipping-taxable purchasable product-type-simple\" >\r\n\r\n\r\n\t\r\n\r\n\t\t\t\t\r\n\t   <div class=\"product-wrap\">\r\n\r\n\t\t\t<a href=\"https:\/\/mundotarot.cl\/wordpress\/producto\/tarot-pamela-colman-rider-original-libro-guia\/\">\t\r\n\t\t\t\t\t\t\t<img width=\"300\" height=\"300\" src=\"https:\/\/mundotarot.cl\/wordpress\/wp-content\/uploads\/2025\/04\/tarot-Rider-Waite-kit-Edaf-open-300x300.jpg\" class=\"attachment-woocommerce_thumbnail size-woocommerce_thumbnail\" alt=\"\" loading=\"lazy\" srcset=\"https:\/\/mundotarot.cl\/wordpress\/wp-content\/uploads\/2025\/04\/tarot-Rider-Waite-kit-Edaf-open-300x300.jpg 300w, https:\/\/mundotarot.cl\/wordpress\/wp-content\/uploads\/2025\/04\/tarot-Rider-Waite-kit-Edaf-open-150x150.jpg 150w, https:\/\/mundotarot.cl\/wordpress\/wp-content\/uploads\/2025\/04\/tarot-Rider-Waite-kit-Edaf-open-100x100.jpg 100w, https:\/\/mundotarot.cl\/wordpress\/wp-content\/uploads\/2025\/04\/tarot-Rider-Waite-kit-Edaf-open-140x140.jpg 140w, https:\/\/mundotarot.cl\/wordpress\/wp-content\/uploads\/2025\/04\/tarot-Rider-Waite-kit-Edaf-open-500x500.jpg 500w, https:\/\/mundotarot.cl\/wordpress\/wp-content\/uploads\/2025\/04\/tarot-Rider-Waite-kit-Edaf-open-350x350.jpg 350w, https:\/\/mundotarot.cl\/wordpress\/wp-content\/uploads\/2025\/04\/tarot-Rider-Waite-kit-Edaf-open-1000x1000.jpg 1000w, https:\/\/mundotarot.cl\/wordpress\/wp-content\/uploads\/2025\/04\/tarot-Rider-Waite-kit-Edaf-open-800x800.jpg 800w\" sizes=\"(max-width: 300px) 100vw, 300px\" \/>\t\t\t <\/a>\r\n\t\t\t<div class=\"product-add-to-cart\" data-nectar-quickview=\"false\"><a href=\"?add-to-cart=7102\" data-quantity=\"1\" class=\"button product_type_simple add_to_cart_button ajax_add_to_cart\" data-product_id=\"7102\" data-product_sku=\"\" aria-label=\"A\u00f1ade &ldquo;tarot Pamela Colman (Rider Original) + libro gu\u00eda&rdquo; a tu carrito\" rel=\"nofollow\">Agregar al carro<\/a><\/div>\t\t   <\/div>\r\n\t\t\t\t\r\n\t  \r\n\r\n\t\t\r\n\t\r\n\r\n\t\r\n<\/li>\r\n\t<li class=\"classic product type-product post-6730 status-publish last instock product_cat-tarot-con-libro has-post-thumbnail shipping-taxable purchasable product-type-simple\" >\r\n\r\n\r\n\t\r\n\r\n\t\t\t\t\r\n\t   <div class=\"product-wrap\">\r\n\r\n\t\t\t<a href=\"https:\/\/mundotarot.cl\/wordpress\/producto\/tarot-rider-waite-original-libro-guia-arkano-books\/\">\t\r\n\t\t\t\t\t\t\t<img width=\"300\" height=\"300\" src=\"https:\/\/mundotarot.cl\/wordpress\/wp-content\/uploads\/2021\/03\/tarot-Rider-libro-Arkano-Books-II-300x300.jpg\" class=\"attachment-woocommerce_thumbnail size-woocommerce_thumbnail\" alt=\"\" loading=\"lazy\" srcset=\"https:\/\/mundotarot.cl\/wordpress\/wp-content\/uploads\/2021\/03\/tarot-Rider-libro-Arkano-Books-II-300x300.jpg 300w, https:\/\/mundotarot.cl\/wordpress\/wp-content\/uploads\/2021\/03\/tarot-Rider-libro-Arkano-Books-II-150x150.jpg 150w, https:\/\/mundotarot.cl\/wordpress\/wp-content\/uploads\/2021\/03\/tarot-Rider-libro-Arkano-Books-II-100x100.jpg 100w, https:\/\/mundotarot.cl\/wordpress\/wp-content\/uploads\/2021\/03\/tarot-Rider-libro-Arkano-Books-II-140x140.jpg 140w, https:\/\/mundotarot.cl\/wordpress\/wp-content\/uploads\/2021\/03\/tarot-Rider-libro-Arkano-Books-II-500x500.jpg 500w, https:\/\/mundotarot.cl\/wordpress\/wp-content\/uploads\/2021\/03\/tarot-Rider-libro-Arkano-Books-II-350x350.jpg 350w, https:\/\/mundotarot.cl\/wordpress\/wp-content\/uploads\/2021\/03\/tarot-Rider-libro-Arkano-Books-II-1000x1000.jpg 1000w, https:\/\/mundotarot.cl\/wordpress\/wp-content\/uploads\/2021\/03\/tarot-Rider-libro-Arkano-Books-II-800x800.jpg 800w\" sizes=\"(max-width: 300px) 100vw, 300px\" \/>\t\t\t <\/a>\r\n\t\t\t<div class=\"product-add-to-cart\" data-nectar-quickview=\"false\"><a href=\"?add-to-cart=6730\" data-quantity=\"1\" class=\"button product_type_simple add_to_cart_button ajax_add_to_cart\" data-product_id=\"6730\" data-product_sku=\"\" aria-label=\"A\u00f1ade &ldquo;tarot Rider Waite original + libro gu\u00eda (Arkano Books)&rdquo; a tu carrito\" rel=\"nofollow\">Agregar al carro<\/a><\/div>\t\t   <\/div>\r\n\t\t\t\t\r\n\t  \r\n\r\n\t\t\r\n\t\r\n\r\n\t\r\n<\/li>\r\n\t<li class=\"classic product type-product post-6659 status-publish first outofstock product_cat-tarot-con-libro has-post-thumbnail shipping-taxable purchasable product-type-simple\" >\r\n\r\n\r\n\t\r\n\r\n\t\t\t\t\r\n\t   <div class=\"product-wrap\">\r\n\r\n\t\t\t<a href=\"https:\/\/mundotarot.cl\/wordpress\/producto\/universal-profesional\/\">\t\r\n\t\t\t\t\t\t\t<img width=\"300\" height=\"300\" src=\"https:\/\/mundotarot.cl\/wordpress\/wp-content\/uploads\/2020\/12\/tarot-Universal-profesional-300x300.jpg\" class=\"attachment-woocommerce_thumbnail size-woocommerce_thumbnail\" alt=\"\" loading=\"lazy\" srcset=\"https:\/\/mundotarot.cl\/wordpress\/wp-content\/uploads\/2020\/12\/tarot-Universal-profesional-300x300.jpg 300w, https:\/\/mundotarot.cl\/wordpress\/wp-content\/uploads\/2020\/12\/tarot-Universal-profesional-150x150.jpg 150w, https:\/\/mundotarot.cl\/wordpress\/wp-content\/uploads\/2020\/12\/tarot-Universal-profesional-100x100.jpg 100w, https:\/\/mundotarot.cl\/wordpress\/wp-content\/uploads\/2020\/12\/tarot-Universal-profesional-140x140.jpg 140w, https:\/\/mundotarot.cl\/wordpress\/wp-content\/uploads\/2020\/12\/tarot-Universal-profesional-500x500.jpg 500w, https:\/\/mundotarot.cl\/wordpress\/wp-content\/uploads\/2020\/12\/tarot-Universal-profesional-350x350.jpg 350w, https:\/\/mundotarot.cl\/wordpress\/wp-content\/uploads\/2020\/12\/tarot-Universal-profesional-1000x1000.jpg 1000w, https:\/\/mundotarot.cl\/wordpress\/wp-content\/uploads\/2020\/12\/tarot-Universal-profesional-800x800.jpg 800w\" sizes=\"(max-width: 300px) 100vw, 300px\" \/>\t\t\t <\/a>\r\n\t\t\t<div class=\"product-add-to-cart\" data-nectar-quickview=\"false\"><a href=\"https:\/\/mundotarot.cl\/wordpress\/producto\/universal-profesional\/\" data-quantity=\"1\" class=\"button product_type_simple\" data-product_id=\"6659\" data-product_sku=\"\" aria-label=\"Lee m\u00e1s sobre &ldquo;Universal profesional&rdquo;\" rel=\"nofollow\">Agregar al carro<\/a><\/div>\t\t   <\/div>\r\n\t\t\t\t\r\n\t  \r\n\r\n\t\t\r\n\t\r\n\r\n\t\r\n<\/li><\/ul>\n<\/div>[\/vc_column][\/vc_row]\n<\/div>","protected":false},"excerpt":{"rendered":"<p>[vc_row type=&#8221;full_width_background&#8221; full_screen_row_position=&#8221;middle&#8221; column_margin=&#8221;default&#8221; column_direction=&#8221;default&#8221; column_direction_tablet=&#8221;default&#8221; column_direction_phone=&#8221;default&#8221; bg_color=&#8221;#000000&#8243; scene_position=&#8221;center&#8221; text_color=&#8221;dark&#8221; text_align=&#8221;left&#8221; row_border_radius=&#8221;none&#8221; row_border_radius_applies=&#8221;bg&#8221; overlay_strength=&#8221;0.3&#8243; gradient_direction=&#8221;left_to_right&#8221; shape_divider_position=&#8221;bottom&#8221; bg_image_animation=&#8221;none&#8221; shape_type=&#8221;&#8221;][vc_column column_padding=&#8221;padding-2-percent&#8221; column_padding_tablet=&#8221;inherit&#8221; column_padding_phone=&#8221;inherit&#8221; column_padding_position=&#8221;all&#8221; centered_text=&#8221;true&#8221; background_color_opacity=&#8221;1&#8243; background_hover_color_opacity=&#8221;1&#8243; column_shadow=&#8221;none&#8221; column_border_radius=&#8221;none&#8221; column_link_target=&#8221;_self&#8221; gradient_direction=&#8221;left_to_right&#8221; overlay_strength=&#8221;0.3&#8243;&#8230;<\/p>\n","protected":false},"author":1,"featured_media":0,"parent":0,"menu_order":0,"comment_status":"closed","ping_status":"closed","template":"","meta":[],"_links":{"self":[{"href":"https:\/\/mundotarot.cl\/wordpress\/wp-json\/wp\/v2\/pages\/303"}],"collection":[{"href":"https:\/\/mundotarot.cl\/wordpress\/wp-json\/wp\/v2\/pages"}],"about":[{"href":"https:\/\/mundotarot.cl\/wordpress\/wp-json\/wp\/v2\/types\/page"}],"author":[{"embeddable":true,"href":"https:\/\/mundotarot.cl\/wordpress\/wp-json\/wp\/v2\/users\/1"}],"replies":[{"embeddable":true,"href":"https:\/\/mundotarot.cl\/wordpress\/wp-json\/wp\/v2\/comments?post=303"}],"version-history":[{"count":8,"href":"https:\/\/mundotarot.cl\/wordpress\/wp-json\/wp\/v2\/pages\/303\/revisions"}],"predecessor-version":[{"id":6628,"href":"https:\/\/mundotarot.cl\/wordpress\/wp-json\/wp\/v2\/pages\/303\/revisions\/6628"}],"wp:attachment":[{"href":"https:\/\/mundotarot.cl\/wordpress\/wp-json\/wp\/v2\/media?parent=303"}],"curies":[{"name":"wp","href":"https:\/\/api.w.org\/{rel}","templated":true}]}}